{"id":620,"date":"2016-11-02T11:22:28","date_gmt":"2016-11-02T10:22:28","guid":{"rendered":"https:\/\/polley-groupe.com\/pl\/?page_id=620"},"modified":"2023-08-02T16:07:46","modified_gmt":"2023-08-02T15:07:46","slug":"logistyka","status":"publish","type":"page","link":"https:\/\/polley-groupe.com\/pl\/logistyka\/","title":{"rendered":"Logistyka"},"content":{"rendered":"\n<h1 class=\"wp-block-heading has-x-large-font-size\"><strong>Do\u015bwiadczony i bezpieczny kierownik ds. logistyki towar\u00f3w<\/strong><\/h1>\n\n<div style=\"height:15px\" aria-hidden=\"true\" class=\"wp-block-spacer\"><\/div>\n\n<p class=\"has-text-align-left has-medium-font-size\">Idealna lokalizacja wzd\u0142u\u017c g\u0142\u00f3wnej osi Pary\u017c-Londyn-Bruksela, przy zje\u017adzie z autostrady 48 ZAC Transmarck. Znajdujemy si\u0119 w pobli\u017cu g\u0142\u00f3wnych autostrad (A16) i po\u0142\u0105cze\u0144 kolejowych oraz 5 minut od tunelu pod kana\u0142em La Manche i portu Boulogne-Calais.<\/p>\n\n<p class=\"has-text-align-left has-medium-font-size\"> Od ponad 30 lat jeste\u015bmy preferowanym partnerem w zakresie organizacji i zarz\u0105dzania \u0142a\u0144cuchem dostaw w imporcie i eksporcie. <\/p>\n\n<div style=\"height:1px\" aria-hidden=\"true\" class=\"wp-block-spacer\"><\/div>\n\n<figure class=\"wp-block-image size-large is-resized\"><img loading=\"lazy\" decoding=\"async\" src=\"https:\/\/polley-groupe.com\/wp-content\/uploads\/2023\/07\/entrepots-logistiques-pfmdi2nvyijzxb2ryj5u3ni3dvywdj9zuhbtwjvlag-1024x394.jpg\" alt=\"\" class=\"wp-image-2039\" width=\"887\" height=\"341\"\/><\/figure>\n<div style=\"height:33px\" aria-hidden=\"true\" class=\"wp-block-spacer\"><\/div>\n\n<h2 class=\"wp-block-heading has-large-font-size\">Zesp\u00f3\u0142 do us\u0142ug<\/h2>\n\n<div class=\"wp-block-media-text alignwide has-media-on-the-right is-stacked-on-mobile\"><div class=\"wp-block-media-text__content\">\n<p class=\"has-medium-font-size\">Powierz nam zarz\u0105dzanie swoimi towarami i skorzystaj z wyj\u0105tkowo bezpiecznego rozwi\u0105zania &#8222;pod klucz&#8221; dzi\u0119ki naszej wiedzy technologicznej i wysoko wykwalifikowanemu zespo\u0142owi. <\/p>\n\n\n\n<p><\/p>\n\n\n\n<p class=\"has-medium-font-size\">Dzi\u0119ki naszemu uznanemu do\u015bwiadczeniu w logistyce wieloproduktowej, naszej zdolno\u015bci magazynowej dla produkt\u00f3w o wysokiej warto\u015bci dodanej i naszej znajomo\u015bci procedur celnych, Twoje towary s\u0105 w bezpiecznych r\u0119kach.<\/p>\n<\/div><figure class=\"wp-block-media-text__media\"><img decoding=\"async\" src=\"https:\/\/polley-groupe.com\/wp-content\/uploads\/2016\/03\/chariot.png\" alt=\"Polley Logistique chariot\" class=\"wp-image-444 size-full\"\/><\/figure><\/div>\n\n<div style=\"height:32px\" aria-hidden=\"true\" class=\"wp-block-spacer\"><\/div>\n\n<h2 class=\"wp-block-heading has-text-align-left has-large-font-size\"><strong>Bezpieczna i dost\u0119pna struktura<\/strong><\/h2>\n\n<div style=\"height:15px\" aria-hidden=\"true\" class=\"wp-block-spacer\"><\/div>\n\n<figure class=\"wp-block-image\"><img loading=\"lazy\" decoding=\"async\" width=\"1024\" height=\"234\" src=\"https:\/\/polley-groupe.com\/wp-content\/uploads\/2016\/04\/header-logistique-1024x234.jpg\" alt=\"bg logistique\" class=\"wp-image-408\" srcset=\"https:\/\/polley-groupe.com\/wp-content\/uploads\/2016\/04\/header-logistique-1024x234.jpg 1024w, https:\/\/polley-groupe.com\/wp-content\/uploads\/2016\/04\/header-logistique-300x69.jpg 300w, https:\/\/polley-groupe.com\/wp-content\/uploads\/2016\/04\/header-logistique-1536x351.jpg 1536w, https:\/\/polley-groupe.com\/wp-content\/uploads\/2016\/04\/header-logistique-904x206.jpg 904w, https:\/\/polley-groupe.com\/wp-content\/uploads\/2016\/04\/header-logistique-768x175.jpg 768w, https:\/\/polley-groupe.com\/wp-content\/uploads\/2016\/04\/header-logistique.jpg 1905w\" sizes=\"auto, (max-width: 1024px) 100vw, 1024px\" \/><\/figure>\n<ul class=\"wp-block-list\">\n<li class=\"has-medium-font-size\">Magazyn wieloproduktowy o powierzchni 18 000 m\u00b2 z zaawansowanym systemem nadzoru wideo<\/li>\n<\/ul>\n\n<ul class=\"wp-block-list\">\n<li class=\"has-medium-font-size\"> System suspensywny, 24 godziny na dob\u0119, 7 dni w tygodniu.<\/li>\n<\/ul>\n\n<div style=\"height:32px\" aria-hidden=\"true\" class=\"wp-block-spacer\"><\/div>\n\n<h2 class=\"wp-block-heading has-text-align-left has-large-font-size\"><strong>Internacjonalizacja us\u0142ugi<\/strong><\/h2>\n\n<div style=\"height:14px\" aria-hidden=\"true\" class=\"wp-block-spacer\"><\/div>\n\n<div class=\"wp-block-media-text alignwide is-stacked-on-mobile\"><figure class=\"wp-block-media-text__media\"><img loading=\"lazy\" decoding=\"async\" width=\"350\" height=\"348\" src=\"https:\/\/polley-groupe.com\/wp-content\/uploads\/2016\/04\/internationalisation.jpg\" alt=\"internationalisation\" class=\"wp-image-361 size-full\" srcset=\"https:\/\/polley-groupe.com\/wp-content\/uploads\/2016\/04\/internationalisation.jpg 350w, https:\/\/polley-groupe.com\/wp-content\/uploads\/2016\/04\/internationalisation-150x150.jpg 150w, https:\/\/polley-groupe.com\/wp-content\/uploads\/2016\/04\/internationalisation-300x298.jpg 300w\" sizes=\"auto, (max-width: 350px) 100vw, 350px\" \/><\/figure><div class=\"wp-block-media-text__content\">\n<ul class=\"wp-block-list\">\n<li class=\"has-medium-font-size\">Zezwolenie celne umo\u017cliwiaj\u0105ce nam umieszczanie towar\u00f3w w ramach uzgodnie\u0144 zawieszaj\u0105cych w UE i poza ni\u0105 oraz pobieranie ce\u0142 i podatk\u00f3w.<\/li>\n<\/ul>\n\n\n\n<ul class=\"wp-block-list\">\n<li class=\"has-medium-font-size\">Specjali\u015bci ds. odprawy celnej alkoholu<\/li>\n<\/ul>\n\n\n\n<ul class=\"wp-block-list\">\n<li class=\"has-medium-font-size\">Zapewniona jako\u015b\u0107 us\u0142ug i dyskrecja handlowa<\/li>\n<\/ul>\n\n\n\n<ul class=\"wp-block-list\">\n<li class=\"has-medium-font-size\">Korzystanie z wydajnego oprogramowania<\/li>\n<\/ul>\n\n\n\n<ul class=\"wp-block-list\">\n<li class=\"has-medium-font-size\">Spersonalizowana analiza ka\u017cdego \u017c\u0105dania<\/li>\n<\/ul>\n<\/div><\/div>\n\n<div style=\"height:45px\" aria-hidden=\"true\" class=\"wp-block-spacer\"><\/div>\n\n<h2 class=\"wp-block-heading has-text-align-left has-large-font-size\"><strong>Tymczasowy magazyn<\/strong><\/h2>\n\n<div style=\"height:15px\" aria-hidden=\"true\" class=\"wp-block-spacer\"><\/div>\n\n<div class=\"wp-block-media-text alignwide has-media-on-the-right is-stacked-on-mobile\" style=\"grid-template-columns:auto 51%\"><div class=\"wp-block-media-text__content\">\n<p class=\"has-medium-font-size\">Nasz magazyn posiada zezwolenie na tymczasowe sk\u0142adowanie (TSF), co oznacza, \u017ce p\u0142atno\u015b\u0107 ce\u0142, podatk\u00f3w i \u015brodk\u00f3w handlu zagranicznego jest zawieszona na czas przechowywania. <\/p>\n\n\n\n<p class=\"has-medium-font-size\">Twoje towary mog\u0105 by\u0107 bezpiecznie przechowywane w naszych obiektach, po\u0142\u0105czonych z naszym bezpiecznym parkingiem, przez okres do 90 dni.<\/p>\n\n\n\n<p class=\"has-medium-font-size\"> Jednocze\u015bnie nasz dzia\u0142 celny zapewnia rygorystyczne zarz\u0105dzanie wjazdami, pobytami i wycofaniami zapas\u00f3w, prowadz\u0105c dok\u0142adne i aktualne rejestry.<\/p>\n<\/div><figure class=\"wp-block-media-text__media\"><img loading=\"lazy\" decoding=\"async\" width=\"1024\" height=\"1024\" src=\"https:\/\/polley-groupe.com\/wp-content\/uploads\/2023\/07\/Enterpot-1024x1024.png\" alt=\"\" class=\"wp-image-2046 size-full\" srcset=\"https:\/\/polley-groupe.com\/wp-content\/uploads\/2023\/07\/Enterpot-1024x1024.png 1024w, https:\/\/polley-groupe.com\/wp-content\/uploads\/2023\/07\/Enterpot-300x300.png 300w, https:\/\/polley-groupe.com\/wp-content\/uploads\/2023\/07\/Enterpot-150x150.png 150w, https:\/\/polley-groupe.com\/wp-content\/uploads\/2023\/07\/Enterpot-1536x1536.png 1536w, https:\/\/polley-groupe.com\/wp-content\/uploads\/2023\/07\/Enterpot-904x904.png 904w, https:\/\/polley-groupe.com\/wp-content\/uploads\/2023\/07\/Enterpot.png 1876w\" sizes=\"auto, (max-width: 1024px) 100vw, 1024px\" \/><\/figure><\/div>\n\n<div style=\"height:28px\" aria-hidden=\"true\" class=\"wp-block-spacer\"><\/div>\n","protected":false},"excerpt":{"rendered":"<p>Do\u015bwiadczony i bezpieczny kierownik ds. logistyki towar\u00f3w Idealna lokalizacja wzd\u0142u\u017c g\u0142\u00f3wnej osi Pary\u017c-Londyn-Bruksela, przy zje\u017adzie z autostrady 48 ZAC Transmarck. Znajdujemy si\u0119 w pobli\u017cu g\u0142\u00f3wnych autostrad (A16) i po\u0142\u0105cze\u0144 kolejowych oraz 5 minut od tunelu pod kana\u0142em La Manche i portu Boulogne-Calais. Od ponad 30 lat jeste\u015bmy preferowanym partnerem w zakresie organizacji i zarz\u0105dzania \u0142a\u0144cuchem [&hellip;]<\/p>\n","protected":false},"author":1,"featured_media":408,"parent":0,"menu_order":0,"comment_status":"closed","ping_status":"closed","template":"","meta":{"footnotes":""},"class_list":["post-620","page","type-page","status-publish","has-post-thumbnail","hentry"],"yoast_head":"<!-- This site is optimized with the Yoast SEO plugin v27.5 - https:\/\/yoast.com\/product\/yoast-seo-wordpress\/ -->\n<title>Polley Logistyka- Polley Group<\/title>\n<meta name=\"description\" content=\"Polley Logistyka to do\u015bwiadczona i bezpieczna firma zarz\u0105dzaj\u0105ca transportem, wspieraj\u0105ca klient\u00f3w na ka\u017cdym kroku.\" \/>\n<meta name=\"robots\" content=\"index, follow, max-snippet:-1, max-image-preview:large, max-video-preview:-1\" \/>\n<link rel=\"canonical\" href=\"https:\/\/polley-groupe.com\/pl\/transport-logistyka\/logistyka\/\" \/>\n<meta property=\"og:locale\" content=\"pl_PL\" \/>\n<meta property=\"og:type\" content=\"article\" \/>\n<meta property=\"og:title\" content=\"Polley Logistyka- Polley Group\" \/>\n<meta property=\"og:description\" content=\"Polley Logistyka to do\u015bwiadczona i bezpieczna firma zarz\u0105dzaj\u0105ca transportem, wspieraj\u0105ca klient\u00f3w na ka\u017cdym kroku.\" \/>\n<meta property=\"og:url\" content=\"https:\/\/polley-groupe.com\/pl\/transport-logistyka\/logistyka\/\" \/>\n<meta property=\"og:site_name\" content=\"Polley\" \/>\n<meta property=\"article:publisher\" content=\"https:\/\/www.facebook.com\/groupe-polley\" \/>\n<meta property=\"article:modified_time\" content=\"2023-08-02T15:07:46+00:00\" \/>\n<meta property=\"og:image\" content=\"https:\/\/polley-groupe.com\/wp-content\/uploads\/2016\/04\/header-logistique.jpg\" \/>\n\t<meta property=\"og:image:width\" content=\"1905\" \/>\n\t<meta property=\"og:image:height\" content=\"435\" \/>\n\t<meta property=\"og:image:type\" content=\"image\/jpeg\" \/>\n<meta name=\"twitter:card\" content=\"summary_large_image\" \/>\n<meta name=\"twitter:label1\" content=\"Szacowany czas czytania\" \/>\n\t<meta name=\"twitter:data1\" content=\"2 minuty\" \/>\n<script type=\"application\/ld+json\" class=\"yoast-schema-graph\">{\"@context\":\"https:\\\/\\\/schema.org\",\"@graph\":[{\"@type\":\"WebPage\",\"@id\":\"https:\\\/\\\/polley-groupe.com\\\/pl\\\/transport-logistyka\\\/logistyka\\\/\",\"url\":\"https:\\\/\\\/polley-groupe.com\\\/pl\\\/transport-logistyka\\\/logistyka\\\/\",\"name\":\"Polley Logistyka- Polley Group\",\"isPartOf\":{\"@id\":\"https:\\\/\\\/polley-groupe.com\\\/#website\"},\"primaryImageOfPage\":{\"@id\":\"https:\\\/\\\/polley-groupe.com\\\/pl\\\/transport-logistyka\\\/logistyka\\\/#primaryimage\"},\"image\":{\"@id\":\"https:\\\/\\\/polley-groupe.com\\\/pl\\\/transport-logistyka\\\/logistyka\\\/#primaryimage\"},\"thumbnailUrl\":\"https:\\\/\\\/polley-groupe.com\\\/wp-content\\\/uploads\\\/2016\\\/04\\\/header-logistique.jpg\",\"datePublished\":\"2016-11-02T10:22:28+00:00\",\"dateModified\":\"2023-08-02T15:07:46+00:00\",\"description\":\"Polley Logistyka to do\u015bwiadczona i bezpieczna firma zarz\u0105dzaj\u0105ca transportem, wspieraj\u0105ca klient\u00f3w na ka\u017cdym kroku.\",\"breadcrumb\":{\"@id\":\"https:\\\/\\\/polley-groupe.com\\\/pl\\\/transport-logistyka\\\/logistyka\\\/#breadcrumb\"},\"inLanguage\":\"pl-PL\",\"potentialAction\":[{\"@type\":\"ReadAction\",\"target\":[\"https:\\\/\\\/polley-groupe.com\\\/pl\\\/transport-logistyka\\\/logistyka\\\/\"]}]},{\"@type\":\"ImageObject\",\"inLanguage\":\"pl-PL\",\"@id\":\"https:\\\/\\\/polley-groupe.com\\\/pl\\\/transport-logistyka\\\/logistyka\\\/#primaryimage\",\"url\":\"https:\\\/\\\/polley-groupe.com\\\/wp-content\\\/uploads\\\/2016\\\/04\\\/header-logistique.jpg\",\"contentUrl\":\"https:\\\/\\\/polley-groupe.com\\\/wp-content\\\/uploads\\\/2016\\\/04\\\/header-logistique.jpg\",\"width\":1905,\"height\":435,\"caption\":\"bg logistique\"},{\"@type\":\"BreadcrumbList\",\"@id\":\"https:\\\/\\\/polley-groupe.com\\\/pl\\\/transport-logistyka\\\/logistyka\\\/#breadcrumb\",\"itemListElement\":[{\"@type\":\"ListItem\",\"position\":1,\"name\":\"Accueil\",\"item\":\"https:\\\/\\\/polley-groupe.com\\\/pl\\\/\"},{\"@type\":\"ListItem\",\"position\":2,\"name\":\"Transport &#038; Logistyka\",\"item\":\"https:\\\/\\\/polley-groupe.com\\\/pl\\\/transport-logistyka\\\/\"},{\"@type\":\"ListItem\",\"position\":3,\"name\":\"Logistyka\"}]},{\"@type\":\"WebSite\",\"@id\":\"https:\\\/\\\/polley-groupe.com\\\/#website\",\"url\":\"https:\\\/\\\/polley-groupe.com\\\/\",\"name\":\"Polley Groupe\",\"description\":\"Un site utilisant WordPress\",\"publisher\":{\"@id\":\"https:\\\/\\\/polley-groupe.com\\\/#organization\"},\"potentialAction\":[{\"@type\":\"SearchAction\",\"target\":{\"@type\":\"EntryPoint\",\"urlTemplate\":\"https:\\\/\\\/polley-groupe.com\\\/?s={search_term_string}\"},\"query-input\":{\"@type\":\"PropertyValueSpecification\",\"valueRequired\":true,\"valueName\":\"search_term_string\"}}],\"inLanguage\":\"pl-PL\"},{\"@type\":\"Organization\",\"@id\":\"https:\\\/\\\/polley-groupe.com\\\/#organization\",\"name\":\"Polley Groupe\",\"url\":\"https:\\\/\\\/polley-groupe.com\\\/\",\"logo\":{\"@type\":\"ImageObject\",\"inLanguage\":\"pl-PL\",\"@id\":\"https:\\\/\\\/polley-groupe.com\\\/#\\\/schema\\\/logo\\\/image\\\/\",\"url\":\"https:\\\/\\\/polley-groupe.com\\\/wp-content\\\/uploads\\\/2016\\\/03\\\/logo-polley-groupe.png\",\"contentUrl\":\"https:\\\/\\\/polley-groupe.com\\\/wp-content\\\/uploads\\\/2016\\\/03\\\/logo-polley-groupe.png\",\"width\":300,\"height\":97,\"caption\":\"Polley Groupe\"},\"image\":{\"@id\":\"https:\\\/\\\/polley-groupe.com\\\/#\\\/schema\\\/logo\\\/image\\\/\"},\"sameAs\":[\"https:\\\/\\\/www.facebook.com\\\/groupe-polley\"]}]}<\/script>\n<!-- \/ Yoast SEO plugin. -->","yoast_head_json":{"title":"Polley Logistyka- Polley Group","description":"Polley Logistyka to do\u015bwiadczona i bezpieczna firma zarz\u0105dzaj\u0105ca transportem, wspieraj\u0105ca klient\u00f3w na ka\u017cdym kroku.","robots":{"index":"index","follow":"follow","max-snippet":"max-snippet:-1","max-image-preview":"max-image-preview:large","max-video-preview":"max-video-preview:-1"},"canonical":"https:\/\/polley-groupe.com\/pl\/transport-logistyka\/logistyka\/","og_locale":"pl_PL","og_type":"article","og_title":"Polley Logistyka- Polley Group","og_description":"Polley Logistyka to do\u015bwiadczona i bezpieczna firma zarz\u0105dzaj\u0105ca transportem, wspieraj\u0105ca klient\u00f3w na ka\u017cdym kroku.","og_url":"https:\/\/polley-groupe.com\/pl\/transport-logistyka\/logistyka\/","og_site_name":"Polley","article_publisher":"https:\/\/www.facebook.com\/groupe-polley","article_modified_time":"2023-08-02T15:07:46+00:00","og_image":[{"width":1905,"height":435,"url":"https:\/\/polley-groupe.com\/wp-content\/uploads\/2016\/04\/header-logistique.jpg","type":"image\/jpeg"}],"twitter_card":"summary_large_image","twitter_misc":{"Szacowany czas czytania":"2 minuty"},"schema":{"@context":"https:\/\/schema.org","@graph":[{"@type":"WebPage","@id":"https:\/\/polley-groupe.com\/pl\/transport-logistyka\/logistyka\/","url":"https:\/\/polley-groupe.com\/pl\/transport-logistyka\/logistyka\/","name":"Polley Logistyka- Polley Group","isPartOf":{"@id":"https:\/\/polley-groupe.com\/#website"},"primaryImageOfPage":{"@id":"https:\/\/polley-groupe.com\/pl\/transport-logistyka\/logistyka\/#primaryimage"},"image":{"@id":"https:\/\/polley-groupe.com\/pl\/transport-logistyka\/logistyka\/#primaryimage"},"thumbnailUrl":"https:\/\/polley-groupe.com\/wp-content\/uploads\/2016\/04\/header-logistique.jpg","datePublished":"2016-11-02T10:22:28+00:00","dateModified":"2023-08-02T15:07:46+00:00","description":"Polley Logistyka to do\u015bwiadczona i bezpieczna firma zarz\u0105dzaj\u0105ca transportem, wspieraj\u0105ca klient\u00f3w na ka\u017cdym kroku.","breadcrumb":{"@id":"https:\/\/polley-groupe.com\/pl\/transport-logistyka\/logistyka\/#breadcrumb"},"inLanguage":"pl-PL","potentialAction":[{"@type":"ReadAction","target":["https:\/\/polley-groupe.com\/pl\/transport-logistyka\/logistyka\/"]}]},{"@type":"ImageObject","inLanguage":"pl-PL","@id":"https:\/\/polley-groupe.com\/pl\/transport-logistyka\/logistyka\/#primaryimage","url":"https:\/\/polley-groupe.com\/wp-content\/uploads\/2016\/04\/header-logistique.jpg","contentUrl":"https:\/\/polley-groupe.com\/wp-content\/uploads\/2016\/04\/header-logistique.jpg","width":1905,"height":435,"caption":"bg logistique"},{"@type":"BreadcrumbList","@id":"https:\/\/polley-groupe.com\/pl\/transport-logistyka\/logistyka\/#breadcrumb","itemListElement":[{"@type":"ListItem","position":1,"name":"Accueil","item":"https:\/\/polley-groupe.com\/pl\/"},{"@type":"ListItem","position":2,"name":"Transport &#038; Logistyka","item":"https:\/\/polley-groupe.com\/pl\/transport-logistyka\/"},{"@type":"ListItem","position":3,"name":"Logistyka"}]},{"@type":"WebSite","@id":"https:\/\/polley-groupe.com\/#website","url":"https:\/\/polley-groupe.com\/","name":"Polley Groupe","description":"Un site utilisant WordPress","publisher":{"@id":"https:\/\/polley-groupe.com\/#organization"},"potentialAction":[{"@type":"SearchAction","target":{"@type":"EntryPoint","urlTemplate":"https:\/\/polley-groupe.com\/?s={search_term_string}"},"query-input":{"@type":"PropertyValueSpecification","valueRequired":true,"valueName":"search_term_string"}}],"inLanguage":"pl-PL"},{"@type":"Organization","@id":"https:\/\/polley-groupe.com\/#organization","name":"Polley Groupe","url":"https:\/\/polley-groupe.com\/","logo":{"@type":"ImageObject","inLanguage":"pl-PL","@id":"https:\/\/polley-groupe.com\/#\/schema\/logo\/image\/","url":"https:\/\/polley-groupe.com\/wp-content\/uploads\/2016\/03\/logo-polley-groupe.png","contentUrl":"https:\/\/polley-groupe.com\/wp-content\/uploads\/2016\/03\/logo-polley-groupe.png","width":300,"height":97,"caption":"Polley Groupe"},"image":{"@id":"https:\/\/polley-groupe.com\/#\/schema\/logo\/image\/"},"sameAs":["https:\/\/www.facebook.com\/groupe-polley"]}]}},"_links":{"self":[{"href":"https:\/\/polley-groupe.com\/pl\/wp-json\/wp\/v2\/pages\/620","targetHints":{"allow":["GET"]}}],"collection":[{"href":"https:\/\/polley-groupe.com\/pl\/wp-json\/wp\/v2\/pages"}],"about":[{"href":"https:\/\/polley-groupe.com\/pl\/wp-json\/wp\/v2\/types\/page"}],"author":[{"embeddable":true,"href":"https:\/\/polley-groupe.com\/pl\/wp-json\/wp\/v2\/users\/1"}],"replies":[{"embeddable":true,"href":"https:\/\/polley-groupe.com\/pl\/wp-json\/wp\/v2\/comments?post=620"}],"version-history":[{"count":7,"href":"https:\/\/polley-groupe.com\/pl\/wp-json\/wp\/v2\/pages\/620\/revisions"}],"predecessor-version":[{"id":2193,"href":"https:\/\/polley-groupe.com\/pl\/wp-json\/wp\/v2\/pages\/620\/revisions\/2193"}],"wp:featuredmedia":[{"embeddable":true,"href":"https:\/\/polley-groupe.com\/pl\/wp-json\/wp\/v2\/media\/408"}],"wp:attachment":[{"href":"https:\/\/polley-groupe.com\/pl\/wp-json\/wp\/v2\/media?parent=620"}],"curies":[{"name":"wp","href":"https:\/\/api.w.org\/{rel}","templated":true}]}}