{"id":614,"date":"2016-11-02T11:17:41","date_gmt":"2016-11-02T10:17:41","guid":{"rendered":"https:\/\/polley-groupe.com\/pl\/?page_id=614"},"modified":"2023-08-04T16:34:41","modified_gmt":"2023-08-04T15:34:41","slug":"sklep","status":"publish","type":"page","link":"https:\/\/polley-groupe.com\/pl\/sklep\/","title":{"rendered":"Sklep"},"content":{"rendered":"\n<h1 class=\"wp-block-heading\"><strong>Polley Sklep : sklep spo\u017cywczy Grupy Polley<\/strong><\/h1>\n<div class=\"wp-block-image\">\n<figure class=\"alignright is-resized\"><img loading=\"lazy\" decoding=\"async\" src=\"https:\/\/polley-groupe.com\/wp-content\/uploads\/2016\/03\/polley-shop-produits.png\" alt=\"Photo de produits frais\" class=\"wp-image-195\" width=\"377\" height=\"266\"\/><\/figure><\/div>\n<p class=\"has-medium-font-size\">Od pocz\u0105tku grudnia 2015 r. Polley Shop: sklep spo\u017cywczy Polley Group jest do Pa\u0144stwa dyspozycji na terenie parkingu strze\u017conego. Niedost\u0119pny dla publiczno\u015bci, sklep ten pozwoli ci zrobi\u0107 zakupy w spokoju, bez konieczno\u015bci oddalania si\u0119 od ci\u0119\u017car\u00f3wki. Zawsze gotowy do s\u0142uchania swoich klient\u00f3w, oferta jest stale rozwijana, aby zadowoli\u0107 klient\u00f3w.<\/p>\n\n<div style=\"height:14px\" aria-hidden=\"true\" class=\"wp-block-spacer\"><\/div>\n\n<h2 class=\"wp-block-heading\"><strong>Szeroka gama produkt\u00f3w<\/strong><\/h2>\n<div class=\"wp-block-image\">\n<figure class=\"alignleft is-resized\"><img loading=\"lazy\" decoding=\"async\" src=\"https:\/\/polley-groupe.com\/wp-content\/uploads\/2016\/03\/polley-shop-epicerie.png\" alt=\"Polley shop epicerie\" class=\"wp-image-198\" width=\"427\" height=\"251\" srcset=\"https:\/\/polley-groupe.com\/wp-content\/uploads\/2016\/03\/polley-shop-epicerie.png 450w, https:\/\/polley-groupe.com\/wp-content\/uploads\/2016\/03\/polley-shop-epicerie-300x177.png 300w\" sizes=\"auto, (max-width: 427px) 100vw, 427px\" \/><\/figure><\/div><div class=\"wp-block-image\">\n<figure class=\"alignleft is-resized\"><img loading=\"lazy\" decoding=\"async\" src=\"https:\/\/polley-groupe.com\/wp-content\/uploads\/2016\/03\/polley-shop-epicerie2.png\" alt=\"Polley shop frigo\" class=\"wp-image-199\" width=\"428\" height=\"252\" srcset=\"https:\/\/polley-groupe.com\/wp-content\/uploads\/2016\/03\/polley-shop-epicerie2.png 450w, https:\/\/polley-groupe.com\/wp-content\/uploads\/2016\/03\/polley-shop-epicerie2-300x177.png 300w\" sizes=\"auto, (max-width: 428px) 100vw, 428px\" \/><\/figure><\/div>\n<p class=\"has-medium-font-size\">Nasz sklep spo\u017cywczy oferuje wszystko, czego potrzebujesz w najbardziej konkurencyjnych cenach. \u015awie\u017ce produkty, takie jak chleb dostarczany codziennie, mi\u0119so i w\u0119dliny oraz owoce i warzywa. <\/p>\n\n<p class=\"has-medium-font-size\">Znajdziesz tu r\u00f3wnie\u017c s\u0142odkie i pikantne ciastka, konserwy, wod\u0119 i napoje bezalkoholowe.  Znajdziesz tu r\u00f3wnie\u017c specjalistyczne produkty do samochod\u00f3w ci\u0119\u017carowych, artyku\u0142y pierwszej potrzeby i produkty higieniczne oraz oczywi\u015bcie szeroki wyb\u00f3r francuskich i zagranicznych alkoholi, piw i win.<\/p>\n\n<h2 class=\"wp-block-heading\"><strong>Nasz k\u0105cik wyprzeda\u017cy<\/strong><\/h2>\n\n<figure class=\"wp-block-image\"><img decoding=\"async\" src=\"https:\/\/polley-groupe.com\/wp-content\/uploads\/2016\/03\/polley-shop-destockage.jpg\" alt=\"Photo du coin d&#xE9;stockage\" class=\"wp-image-202\"\/><\/figure>\n<p class=\"has-medium-font-size\">Co miesi\u0105c k\u0105cik wyprzeda\u017cy jest odnawiany, oferuj\u0105c nowe produkty w konkurencyjnych cenach.<\/p>\n","protected":false},"excerpt":{"rendered":"<p>Polley Sklep : sklep spo\u017cywczy Grupy Polley Od pocz\u0105tku grudnia 2015 r. Polley Shop: sklep spo\u017cywczy Polley Group jest do Pa\u0144stwa dyspozycji na terenie parkingu strze\u017conego. Niedost\u0119pny dla publiczno\u015bci, sklep ten pozwoli ci zrobi\u0107 zakupy w spokoju, bez konieczno\u015bci oddalania si\u0119 od ci\u0119\u017car\u00f3wki. Zawsze gotowy do s\u0142uchania swoich klient\u00f3w, oferta jest stale rozwijana, aby zadowoli\u0107 [&hellip;]<\/p>\n","protected":false},"author":1,"featured_media":406,"parent":0,"menu_order":0,"comment_status":"closed","ping_status":"closed","template":"","meta":{"footnotes":""},"class_list":["post-614","page","type-page","status-publish","has-post-thumbnail","hentry"],"yoast_head":"<!-- This site is optimized with the Yoast SEO plugin v27.5 - https:\/\/yoast.com\/product\/yoast-seo-wordpress\/ -->\n<title>Sklep Polley - Polley Groupe<\/title>\n<meta name=\"description\" content=\"Zlokalizowany na strze\u017conym parkingu sklep spo\u017cywczy Polley Shop: Polley Group pozwoli ci zrobi\u0107 zakupy na miejscu z ca\u0142kowitym spokojem.\" \/>\n<meta name=\"robots\" content=\"index, follow, max-snippet:-1, max-image-preview:large, max-video-preview:-1\" \/>\n<link rel=\"canonical\" href=\"https:\/\/polley-groupe.com\/pl\/sklep\/\" \/>\n<meta property=\"og:locale\" content=\"pl_PL\" \/>\n<meta property=\"og:type\" content=\"article\" \/>\n<meta property=\"og:title\" content=\"Sklep Polley - Polley Groupe\" \/>\n<meta property=\"og:description\" content=\"Zlokalizowany na strze\u017conym parkingu sklep spo\u017cywczy Polley Shop: Polley Group pozwoli ci zrobi\u0107 zakupy na miejscu z ca\u0142kowitym spokojem.\" \/>\n<meta property=\"og:url\" content=\"https:\/\/polley-groupe.com\/pl\/sklep\/\" \/>\n<meta property=\"og:site_name\" content=\"Polley\" \/>\n<meta property=\"article:publisher\" content=\"https:\/\/www.facebook.com\/groupe-polley\" \/>\n<meta property=\"article:modified_time\" content=\"2023-08-04T15:34:41+00:00\" \/>\n<meta property=\"og:image\" content=\"https:\/\/polley-groupe.com\/wp-content\/uploads\/2016\/03\/header-shop.jpg\" \/>\n\t<meta property=\"og:image:width\" content=\"1905\" \/>\n\t<meta property=\"og:image:height\" content=\"435\" \/>\n\t<meta property=\"og:image:type\" content=\"image\/jpeg\" \/>\n<meta name=\"twitter:card\" content=\"summary_large_image\" \/>\n<meta name=\"twitter:label1\" content=\"Szacowany czas czytania\" \/>\n\t<meta name=\"twitter:data1\" content=\"1 minuta\" \/>\n<script type=\"application\/ld+json\" class=\"yoast-schema-graph\">{\"@context\":\"https:\\\/\\\/schema.org\",\"@graph\":[{\"@type\":\"WebPage\",\"@id\":\"https:\\\/\\\/polley-groupe.com\\\/pl\\\/sklep\\\/\",\"url\":\"https:\\\/\\\/polley-groupe.com\\\/pl\\\/sklep\\\/\",\"name\":\"Sklep Polley - Polley Groupe\",\"isPartOf\":{\"@id\":\"https:\\\/\\\/polley-groupe.com\\\/#website\"},\"primaryImageOfPage\":{\"@id\":\"https:\\\/\\\/polley-groupe.com\\\/pl\\\/sklep\\\/#primaryimage\"},\"image\":{\"@id\":\"https:\\\/\\\/polley-groupe.com\\\/pl\\\/sklep\\\/#primaryimage\"},\"thumbnailUrl\":\"https:\\\/\\\/polley-groupe.com\\\/wp-content\\\/uploads\\\/2016\\\/03\\\/header-shop.jpg\",\"datePublished\":\"2016-11-02T10:17:41+00:00\",\"dateModified\":\"2023-08-04T15:34:41+00:00\",\"description\":\"Zlokalizowany na strze\u017conym parkingu sklep spo\u017cywczy Polley Shop: Polley Group pozwoli ci zrobi\u0107 zakupy na miejscu z ca\u0142kowitym spokojem.\",\"breadcrumb\":{\"@id\":\"https:\\\/\\\/polley-groupe.com\\\/pl\\\/sklep\\\/#breadcrumb\"},\"inLanguage\":\"pl-PL\",\"potentialAction\":[{\"@type\":\"ReadAction\",\"target\":[\"https:\\\/\\\/polley-groupe.com\\\/pl\\\/sklep\\\/\"]}]},{\"@type\":\"ImageObject\",\"inLanguage\":\"pl-PL\",\"@id\":\"https:\\\/\\\/polley-groupe.com\\\/pl\\\/sklep\\\/#primaryimage\",\"url\":\"https:\\\/\\\/polley-groupe.com\\\/wp-content\\\/uploads\\\/2016\\\/03\\\/header-shop.jpg\",\"contentUrl\":\"https:\\\/\\\/polley-groupe.com\\\/wp-content\\\/uploads\\\/2016\\\/03\\\/header-shop.jpg\",\"width\":1905,\"height\":435,\"caption\":\"bg Polley shop\"},{\"@type\":\"BreadcrumbList\",\"@id\":\"https:\\\/\\\/polley-groupe.com\\\/pl\\\/sklep\\\/#breadcrumb\",\"itemListElement\":[{\"@type\":\"ListItem\",\"position\":1,\"name\":\"Accueil\",\"item\":\"https:\\\/\\\/polley-groupe.com\\\/pl\\\/\"},{\"@type\":\"ListItem\",\"position\":2,\"name\":\"Sklep\"}]},{\"@type\":\"WebSite\",\"@id\":\"https:\\\/\\\/polley-groupe.com\\\/#website\",\"url\":\"https:\\\/\\\/polley-groupe.com\\\/\",\"name\":\"Polley Groupe\",\"description\":\"Un site utilisant WordPress\",\"publisher\":{\"@id\":\"https:\\\/\\\/polley-groupe.com\\\/#organization\"},\"potentialAction\":[{\"@type\":\"SearchAction\",\"target\":{\"@type\":\"EntryPoint\",\"urlTemplate\":\"https:\\\/\\\/polley-groupe.com\\\/?s={search_term_string}\"},\"query-input\":{\"@type\":\"PropertyValueSpecification\",\"valueRequired\":true,\"valueName\":\"search_term_string\"}}],\"inLanguage\":\"pl-PL\"},{\"@type\":\"Organization\",\"@id\":\"https:\\\/\\\/polley-groupe.com\\\/#organization\",\"name\":\"Polley Groupe\",\"url\":\"https:\\\/\\\/polley-groupe.com\\\/\",\"logo\":{\"@type\":\"ImageObject\",\"inLanguage\":\"pl-PL\",\"@id\":\"https:\\\/\\\/polley-groupe.com\\\/#\\\/schema\\\/logo\\\/image\\\/\",\"url\":\"https:\\\/\\\/polley-groupe.com\\\/wp-content\\\/uploads\\\/2016\\\/03\\\/logo-polley-groupe.png\",\"contentUrl\":\"https:\\\/\\\/polley-groupe.com\\\/wp-content\\\/uploads\\\/2016\\\/03\\\/logo-polley-groupe.png\",\"width\":300,\"height\":97,\"caption\":\"Polley Groupe\"},\"image\":{\"@id\":\"https:\\\/\\\/polley-groupe.com\\\/#\\\/schema\\\/logo\\\/image\\\/\"},\"sameAs\":[\"https:\\\/\\\/www.facebook.com\\\/groupe-polley\"]}]}<\/script>\n<!-- \/ Yoast SEO plugin. -->","yoast_head_json":{"title":"Sklep Polley - Polley Groupe","description":"Zlokalizowany na strze\u017conym parkingu sklep spo\u017cywczy Polley Shop: Polley Group pozwoli ci zrobi\u0107 zakupy na miejscu z ca\u0142kowitym spokojem.","robots":{"index":"index","follow":"follow","max-snippet":"max-snippet:-1","max-image-preview":"max-image-preview:large","max-video-preview":"max-video-preview:-1"},"canonical":"https:\/\/polley-groupe.com\/pl\/sklep\/","og_locale":"pl_PL","og_type":"article","og_title":"Sklep Polley - Polley Groupe","og_description":"Zlokalizowany na strze\u017conym parkingu sklep spo\u017cywczy Polley Shop: Polley Group pozwoli ci zrobi\u0107 zakupy na miejscu z ca\u0142kowitym spokojem.","og_url":"https:\/\/polley-groupe.com\/pl\/sklep\/","og_site_name":"Polley","article_publisher":"https:\/\/www.facebook.com\/groupe-polley","article_modified_time":"2023-08-04T15:34:41+00:00","og_image":[{"width":1905,"height":435,"url":"https:\/\/polley-groupe.com\/wp-content\/uploads\/2016\/03\/header-shop.jpg","type":"image\/jpeg"}],"twitter_card":"summary_large_image","twitter_misc":{"Szacowany czas czytania":"1 minuta"},"schema":{"@context":"https:\/\/schema.org","@graph":[{"@type":"WebPage","@id":"https:\/\/polley-groupe.com\/pl\/sklep\/","url":"https:\/\/polley-groupe.com\/pl\/sklep\/","name":"Sklep Polley - Polley Groupe","isPartOf":{"@id":"https:\/\/polley-groupe.com\/#website"},"primaryImageOfPage":{"@id":"https:\/\/polley-groupe.com\/pl\/sklep\/#primaryimage"},"image":{"@id":"https:\/\/polley-groupe.com\/pl\/sklep\/#primaryimage"},"thumbnailUrl":"https:\/\/polley-groupe.com\/wp-content\/uploads\/2016\/03\/header-shop.jpg","datePublished":"2016-11-02T10:17:41+00:00","dateModified":"2023-08-04T15:34:41+00:00","description":"Zlokalizowany na strze\u017conym parkingu sklep spo\u017cywczy Polley Shop: Polley Group pozwoli ci zrobi\u0107 zakupy na miejscu z ca\u0142kowitym spokojem.","breadcrumb":{"@id":"https:\/\/polley-groupe.com\/pl\/sklep\/#breadcrumb"},"inLanguage":"pl-PL","potentialAction":[{"@type":"ReadAction","target":["https:\/\/polley-groupe.com\/pl\/sklep\/"]}]},{"@type":"ImageObject","inLanguage":"pl-PL","@id":"https:\/\/polley-groupe.com\/pl\/sklep\/#primaryimage","url":"https:\/\/polley-groupe.com\/wp-content\/uploads\/2016\/03\/header-shop.jpg","contentUrl":"https:\/\/polley-groupe.com\/wp-content\/uploads\/2016\/03\/header-shop.jpg","width":1905,"height":435,"caption":"bg Polley shop"},{"@type":"BreadcrumbList","@id":"https:\/\/polley-groupe.com\/pl\/sklep\/#breadcrumb","itemListElement":[{"@type":"ListItem","position":1,"name":"Accueil","item":"https:\/\/polley-groupe.com\/pl\/"},{"@type":"ListItem","position":2,"name":"Sklep"}]},{"@type":"WebSite","@id":"https:\/\/polley-groupe.com\/#website","url":"https:\/\/polley-groupe.com\/","name":"Polley Groupe","description":"Un site utilisant WordPress","publisher":{"@id":"https:\/\/polley-groupe.com\/#organization"},"potentialAction":[{"@type":"SearchAction","target":{"@type":"EntryPoint","urlTemplate":"https:\/\/polley-groupe.com\/?s={search_term_string}"},"query-input":{"@type":"PropertyValueSpecification","valueRequired":true,"valueName":"search_term_string"}}],"inLanguage":"pl-PL"},{"@type":"Organization","@id":"https:\/\/polley-groupe.com\/#organization","name":"Polley Groupe","url":"https:\/\/polley-groupe.com\/","logo":{"@type":"ImageObject","inLanguage":"pl-PL","@id":"https:\/\/polley-groupe.com\/#\/schema\/logo\/image\/","url":"https:\/\/polley-groupe.com\/wp-content\/uploads\/2016\/03\/logo-polley-groupe.png","contentUrl":"https:\/\/polley-groupe.com\/wp-content\/uploads\/2016\/03\/logo-polley-groupe.png","width":300,"height":97,"caption":"Polley Groupe"},"image":{"@id":"https:\/\/polley-groupe.com\/#\/schema\/logo\/image\/"},"sameAs":["https:\/\/www.facebook.com\/groupe-polley"]}]}},"_links":{"self":[{"href":"https:\/\/polley-groupe.com\/pl\/wp-json\/wp\/v2\/pages\/614","targetHints":{"allow":["GET"]}}],"collection":[{"href":"https:\/\/polley-groupe.com\/pl\/wp-json\/wp\/v2\/pages"}],"about":[{"href":"https:\/\/polley-groupe.com\/pl\/wp-json\/wp\/v2\/types\/page"}],"author":[{"embeddable":true,"href":"https:\/\/polley-groupe.com\/pl\/wp-json\/wp\/v2\/users\/1"}],"replies":[{"embeddable":true,"href":"https:\/\/polley-groupe.com\/pl\/wp-json\/wp\/v2\/comments?post=614"}],"version-history":[{"count":6,"href":"https:\/\/polley-groupe.com\/pl\/wp-json\/wp\/v2\/pages\/614\/revisions"}],"predecessor-version":[{"id":2196,"href":"https:\/\/polley-groupe.com\/pl\/wp-json\/wp\/v2\/pages\/614\/revisions\/2196"}],"wp:featuredmedia":[{"embeddable":true,"href":"https:\/\/polley-groupe.com\/pl\/wp-json\/wp\/v2\/media\/406"}],"wp:attachment":[{"href":"https:\/\/polley-groupe.com\/pl\/wp-json\/wp\/v2\/media?parent=614"}],"curies":[{"name":"wp","href":"https:\/\/api.w.org\/{rel}","templated":true}]}}