{"id":612,"date":"2016-11-02T11:09:39","date_gmt":"2016-11-02T10:09:39","guid":{"rendered":"https:\/\/polley-groupe.com\/pl\/?page_id=612"},"modified":"2023-08-02T15:50:16","modified_gmt":"2023-08-02T14:50:16","slug":"parking-strzezony","status":"publish","type":"page","link":"https:\/\/polley-groupe.com\/pl\/parking-strzezony\/","title":{"rendered":"Parking strze\u017cony"},"content":{"rendered":"\n<h1 class=\"wp-block-heading has-text-align-left has-x-large-font-size\"><strong>Niezwykle bezpieczny parking dla samochod\u00f3w ci\u0119\u017carowych w Calais od ponad 15 lat<\/strong><\/h1>\n\n<div style=\"height:35px\" aria-hidden=\"true\" class=\"wp-block-spacer\"><\/div>\n<div class=\"wp-block-image\">\n<figure class=\"alignright is-resized\"><img loading=\"lazy\" decoding=\"async\" src=\"https:\/\/polley-groupe.com\/wp-content\/uploads\/2016\/03\/securite-parking-securise.png\" alt=\"Equipement de s&#xE9;curit&#xE9; du parking poids lourds s&#xE9;curis&#xE9; Polley Secured\" class=\"wp-image-168\" width=\"323\" height=\"213\"\/><figcaption class=\"wp-element-caption\"><em>Equipements de s\u00e9curit\u00e9 du parking PL<\/em><\/figcaption><\/figure><\/div>\n<p class=\"has-medium-font-size\"><strong>Witamy w Polley Secured Lorry Park<\/strong><\/p>\n\n<p><\/p>\n\n<p class=\"has-medium-font-size\">Obiekt oferuje 390 bezpiecznych miejsc parkingowych dla pojazd\u00f3w ci\u0119\u017carowych, stawiaj\u0105c na pierwszym miejscu bezpiecze\u0144stwo i komfort mieszka\u0144c\u00f3w.<\/p>\n\n<p><\/p>\n\n<p class=\"has-medium-font-size\">Idealna lokalizacja przy g\u0142\u00f3wnej trasie Pary\u017c-Londyn-Bruksela, przy zje\u017adzie z autostrady 48 w ZAC Transmarck. Nasz obiekt zapewnia szybki dost\u0119p do tunelu pod kana\u0142em La Manche i portu Calais.<\/p>\n<div class=\"wp-block-image is-style-default\">\n<figure class=\"aligncenter\"><img loading=\"lazy\" decoding=\"async\" width=\"1024\" height=\"447\" src=\"https:\/\/polley-groupe.com\/wp-content\/uploads\/2016\/03\/parking-securise.jpg\" alt=\"Photo du parking s&#xE9;curis&#xE9; poids lourds Polley Secured\" class=\"wp-image-677\" srcset=\"https:\/\/polley-groupe.com\/wp-content\/uploads\/2016\/03\/parking-securise.jpg 1024w, https:\/\/polley-groupe.com\/wp-content\/uploads\/2016\/03\/parking-securise-300x131.jpg 300w, https:\/\/polley-groupe.com\/wp-content\/uploads\/2016\/03\/parking-securise-904x395.jpg 904w\" sizes=\"auto, (max-width: 1024px) 100vw, 1024px\" \/><figcaption class=\"wp-element-caption\">Polley Secured: strze\u017cony parking z 390 miejscami dost\u0119pnymi 24\/7<\/figcaption><\/figure><\/div>\n<hr class=\"wp-block-separator has-css-opacity aligncenter\"\/>\n\n<div class=\"wp-block-group alignwide\"><div class=\"wp-block-group__inner-container is-layout-flow wp-block-group-is-layout-flow\">\n<div class=\"wp-block-columns alignwide are-vertically-aligned-top is-layout-flex wp-container-core-columns-is-layout-9d6595d7 wp-block-columns-is-layout-flex\">\n<div class=\"wp-block-column is-vertically-aligned-top is-layout-flow wp-block-column-is-layout-flow\" style=\"flex-basis:53%\">\n<h2 class=\"wp-block-heading has-text-align-left has-large-font-size\"><strong>Nasze stawki na 2023 r:<\/strong><\/h2>\n\n\n\n<p class=\"has-medium-font-size\">Naszym priorytetem jest oferowanie wysokiej jako\u015bci us\u0142ug, kt\u00f3re s\u0105 przyst\u0119pne cenowo i korzystne dla naszych klient\u00f3w.<\/p>\n\n\n\n<p><\/p>\n\n\n\n<p class=\"has-medium-font-size\">Je\u015bli zaparkujesz na d\u0142u\u017cej ni\u017c 11 godzin, otrzymasz kupon o warto\u015bci 5 \u20ac do wydania w naszych lokalnych sklepach.<\/p>\n<\/div>\n\n\n\n<div class=\"wp-block-column is-vertically-aligned-top is-layout-flow wp-block-column-is-layout-flow\" style=\"flex-basis:47%\"><div class=\"wp-block-image\">\n<figure class=\"aligncenter is-resized\"><img loading=\"lazy\" decoding=\"async\" src=\"https:\/\/polley-groupe.com\/wp-content\/uploads\/2023\/06\/Tarifs-Secured.jpg\" alt=\"grille tarifaire du parking poids lourds s&#xE9;curis&#xE9; polley secured\" class=\"wp-image-1626\" width=\"366\" height=\"502\" srcset=\"https:\/\/polley-groupe.com\/wp-content\/uploads\/2023\/06\/Tarifs-Secured.jpg 357w, https:\/\/polley-groupe.com\/wp-content\/uploads\/2023\/06\/Tarifs-Secured-219x300.jpg 219w, https:\/\/polley-groupe.com\/wp-content\/uploads\/2023\/06\/Tarifs-Secured-300x411.jpg 300w\" sizes=\"auto, (max-width: 366px) 100vw, 366px\" \/><figcaption class=\"wp-element-caption\"><em>Stawki obowi\u0105zuj\u0105ce od 01\/01\/2023<\/em><\/figcaption><\/figure><\/div><\/div>\n<\/div>\n<\/div><\/div>\n\n<hr class=\"wp-block-separator has-css-opacity\"\/>\n\n<h2 class=\"wp-block-heading has-large-font-size\">Bezpieczny parking dla samochod\u00f3w ci\u0119\u017carowych<\/h2>\n\n<p class=\"has-medium-font-size\">W Polley Secured Lorry Park nasz bezpieczny parking dla samochod\u00f3w ci\u0119\u017carowych w Calais gwarantuje bezpiecze\u0144stwo pojazd\u00f3w na 10-hektarowym terenie, kt\u00f3ry jest przyjazny, nowoczesny i strze\u017cony, oferuj\u0105c :<\/p>\n\n<div class=\"csRow\" style=\"font-size : 20px\">\r\n<div class=\"csColumn col-wysiwyg\" style=\"margin: 0px; padding: 0px; float: left; width: 49.2%;\" data-csstartpoint=\"0\" data-csendpoint=\"445\" data-cswidth=\"49.2%\" data-csid=\"684fe31b-9537-9c5e-9494-809208ef85ae\">\r\n<ul><li>Dost\u0119p kontrolowany przez ca\u0142y czas przez dzia\u0142 kadr.<\/li>\r\n<li>Wydajne i odpowiednie o\u015bwietlenie<\/li>\r\n<li>Personel przeszkolony w zakresie zasad bezpiecze\u0144stwa<\/li>\r\n<\/ul><\/div>\r\n<figure><img decoding=\"async\" src=\"https:\/\/polley-groupe.com\/wp-content\/plugins\/advanced-wp-columns\/assets\/js\/plugins\/views\/img\/1x1-pixel.png\" alt=\"\"\/><\/figure><div class=\"csColumnGap\" style=\"margin: 0px; padding: 0px; float: left; width: 1.66%;\"><\/div>\r\n<div class=\"csColumn col-wysiwyg\" style=\"margin: 0px; padding: 0px; float: left; width: 49.1%;\" data-csstartpoint=\"460\" data-csendpoint=\"904\" data-cswidth=\"49.1%\" data-csid=\"0330ea7b-6ec0-4739-b217-84d1c14af637\">\r\n<ul><li>Un syst\u00e8me de vid\u00e9o surveillance des plus performants<\/li>\r\n<li>Un site prot\u00e9g\u00e9 par des grilles \u00e0 hauteur de 2m40<\/li>\r\n<li>Une prestation conforme aux exigences de la nouvelle clause vol des contrats d&#8217;assurance.<\/li>\r\n<\/ul><\/div>\r\n<div style=\"clear: both; float: none; display: block; visibility: hidden; width: 0px; font-size: 0px; line-height: 0;\">\u00a0<\/div>\r\n<\/div>\r\n\n<hr class=\"wp-block-separator has-css-opacity\"\/>\n\n<h2 class=\"wp-block-heading has-large-font-size\"><strong>Nasze us\u0142ugi<\/strong><\/h2>\n\n<p class=\"has-medium-font-size\">Oferujemy gwarancj\u0119 dziennego okresu odpoczynku w optymalnych warunkach, dzi\u0119ki czemu kierowcy mog\u0105 ze spokojem podchodzi\u0107 do rozpocz\u0119cia zmiany. <\/p>\n\n<p><\/p>\n\n<p class=\"has-medium-font-size\">Blisko\u015b\u0107 port\u00f3w przesiadkowych i spersonalizowana oferta taryfowa oparta na zapotrzebowaniu, w tym :<\/p>\n\n<p><\/p>\n\n<ul class=\"wp-block-list\">\n<li class=\"has-medium-font-size\">Zaplecze sanitarne (prysznice, toalety, pralnia itp.) z wszelkimi udogodnieniami i kontrolowane kilka razy dziennie, aby zapewni\u0107 go\u015bciom higieniczne warunki.<\/li>\n<\/ul>\n\n<p><\/p>\n\n<ul class=\"wp-block-list\">\n<li class=\"has-medium-font-size\">Kontrola bezpiecze\u0144stwa pojazdu na \u017c\u0105danie<\/li>\n<\/ul>\n\n<p><\/p>\n\n<ul class=\"wp-block-list\">\n<li class=\"has-medium-font-size\">Szeroki zakres us\u0142ug dostosowanych do potrzeb naszych klient\u00f3w (bezpieczne p\u0142atno\u015bci, liczba regularnych miejsc w roku, otwarcie konta itp.)<\/li>\n<\/ul>\n\n<p><\/p>\n\n<ul class=\"wp-block-list\">\n<li class=\"has-medium-font-size\">Bezp\u0142atne po\u0142\u0105czenie WI-FI<\/li>\n<\/ul>\n\n<p><\/p>\n\n<ul class=\"wp-block-list\">\n<li class=\"has-medium-font-size\">Blisko\u015b\u0107 stacji benzynowych<\/li>\n<\/ul>\n\n<div style=\"height:5px\" aria-hidden=\"true\" class=\"wp-block-spacer\"><\/div>\n\n<p class=\"has-text-align-center has-medium-font-size\">Na naszym strze\u017conym parkingu i w jego pobli\u017cu znajdziesz r\u00f3wnie\u017c szereg dodatkowych us\u0142ug dedykowanych kierowcy i jego pojazdowi:<\/p>\n","protected":false},"excerpt":{"rendered":"<p>Niezwykle bezpieczny parking dla samochod\u00f3w ci\u0119\u017carowych w Calais od ponad 15 lat Witamy w Polley Secured Lorry Park Obiekt oferuje 390 bezpiecznych miejsc parkingowych dla pojazd\u00f3w ci\u0119\u017carowych, stawiaj\u0105c na pierwszym miejscu bezpiecze\u0144stwo i komfort mieszka\u0144c\u00f3w. Idealna lokalizacja przy g\u0142\u00f3wnej trasie Pary\u017c-Londyn-Bruksela, przy zje\u017adzie z autostrady 48 w ZAC Transmarck. Nasz obiekt zapewnia szybki dost\u0119p do [&hellip;]<\/p>\n","protected":false},"author":1,"featured_media":404,"parent":0,"menu_order":0,"comment_status":"closed","ping_status":"closed","template":"","meta":{"footnotes":""},"class_list":["post-612","page","type-page","status-publish","has-post-thumbnail","hentry"],"yoast_head":"<!-- This site is optimized with the Yoast SEO plugin v27.4 - https:\/\/yoast.com\/product\/yoast-seo-wordpress\/ -->\n<title>Polley Secured: bezpieczny parking dla samochod\u00f3w ci\u0119\u017carowych w Calais<\/title>\n<meta name=\"description\" content=\"Polley Secured Lorry Park to strze\u017cony parking dla samochod\u00f3w ci\u0119\u017carowych z 390 miejscami, dost\u0119pny 24 godziny na dob\u0119, zlokalizowany w Calais na skraju autostrady A16 - zjazd 48.\" \/>\n<meta name=\"robots\" content=\"index, follow, max-snippet:-1, max-image-preview:large, max-video-preview:-1\" \/>\n<link rel=\"canonical\" href=\"https:\/\/polley-groupe.com\/pl\/parking-strzezony\/\" \/>\n<meta property=\"og:locale\" content=\"pl_PL\" \/>\n<meta property=\"og:type\" content=\"article\" \/>\n<meta property=\"og:title\" content=\"Polley Secured: bezpieczny parking dla samochod\u00f3w ci\u0119\u017carowych w Calais\" \/>\n<meta property=\"og:description\" content=\"Polley Secured Lorry Park to strze\u017cony parking dla samochod\u00f3w ci\u0119\u017carowych z 390 miejscami, dost\u0119pny 24 godziny na dob\u0119, zlokalizowany w Calais na skraju autostrady A16 - zjazd 48.\" \/>\n<meta property=\"og:url\" content=\"https:\/\/polley-groupe.com\/pl\/parking-strzezony\/\" \/>\n<meta property=\"og:site_name\" content=\"Polley\" \/>\n<meta property=\"article:publisher\" content=\"https:\/\/www.facebook.com\/groupe-polley\" \/>\n<meta property=\"article:modified_time\" content=\"2023-08-02T14:50:16+00:00\" \/>\n<meta property=\"og:image\" content=\"https:\/\/polley-groupe.com\/wp-content\/uploads\/2016\/03\/header-parking.jpg\" \/>\n\t<meta property=\"og:image:width\" content=\"1905\" \/>\n\t<meta property=\"og:image:height\" content=\"435\" \/>\n\t<meta property=\"og:image:type\" content=\"image\/jpeg\" \/>\n<meta name=\"twitter:card\" content=\"summary_large_image\" \/>\n<meta name=\"twitter:label1\" content=\"Szacowany czas czytania\" \/>\n\t<meta name=\"twitter:data1\" content=\"2 minuty\" \/>\n<script type=\"application\/ld+json\" class=\"yoast-schema-graph\">{\"@context\":\"https:\\\/\\\/schema.org\",\"@graph\":[{\"@type\":\"WebPage\",\"@id\":\"https:\\\/\\\/polley-groupe.com\\\/pl\\\/parking-strzezony\\\/\",\"url\":\"https:\\\/\\\/polley-groupe.com\\\/pl\\\/parking-strzezony\\\/\",\"name\":\"Polley Secured: bezpieczny parking dla samochod\u00f3w ci\u0119\u017carowych w Calais\",\"isPartOf\":{\"@id\":\"https:\\\/\\\/polley-groupe.com\\\/#website\"},\"primaryImageOfPage\":{\"@id\":\"https:\\\/\\\/polley-groupe.com\\\/pl\\\/parking-strzezony\\\/#primaryimage\"},\"image\":{\"@id\":\"https:\\\/\\\/polley-groupe.com\\\/pl\\\/parking-strzezony\\\/#primaryimage\"},\"thumbnailUrl\":\"https:\\\/\\\/polley-groupe.com\\\/wp-content\\\/uploads\\\/2016\\\/03\\\/header-parking.jpg\",\"datePublished\":\"2016-11-02T10:09:39+00:00\",\"dateModified\":\"2023-08-02T14:50:16+00:00\",\"description\":\"Polley Secured Lorry Park to strze\u017cony parking dla samochod\u00f3w ci\u0119\u017carowych z 390 miejscami, dost\u0119pny 24 godziny na dob\u0119, zlokalizowany w Calais na skraju autostrady A16 - zjazd 48.\",\"breadcrumb\":{\"@id\":\"https:\\\/\\\/polley-groupe.com\\\/pl\\\/parking-strzezony\\\/#breadcrumb\"},\"inLanguage\":\"pl-PL\",\"potentialAction\":[{\"@type\":\"ReadAction\",\"target\":[\"https:\\\/\\\/polley-groupe.com\\\/pl\\\/parking-strzezony\\\/\"]}]},{\"@type\":\"ImageObject\",\"inLanguage\":\"pl-PL\",\"@id\":\"https:\\\/\\\/polley-groupe.com\\\/pl\\\/parking-strzezony\\\/#primaryimage\",\"url\":\"https:\\\/\\\/polley-groupe.com\\\/wp-content\\\/uploads\\\/2016\\\/03\\\/header-parking.jpg\",\"contentUrl\":\"https:\\\/\\\/polley-groupe.com\\\/wp-content\\\/uploads\\\/2016\\\/03\\\/header-parking.jpg\",\"width\":1905,\"height\":435,\"caption\":\"bg parking s\u00e9curis\u00e9\"},{\"@type\":\"BreadcrumbList\",\"@id\":\"https:\\\/\\\/polley-groupe.com\\\/pl\\\/parking-strzezony\\\/#breadcrumb\",\"itemListElement\":[{\"@type\":\"ListItem\",\"position\":1,\"name\":\"Accueil\",\"item\":\"https:\\\/\\\/polley-groupe.com\\\/pl\\\/\"},{\"@type\":\"ListItem\",\"position\":2,\"name\":\"Parking strze\u017cony\"}]},{\"@type\":\"WebSite\",\"@id\":\"https:\\\/\\\/polley-groupe.com\\\/#website\",\"url\":\"https:\\\/\\\/polley-groupe.com\\\/\",\"name\":\"Polley Groupe\",\"description\":\"Un site utilisant WordPress\",\"publisher\":{\"@id\":\"https:\\\/\\\/polley-groupe.com\\\/#organization\"},\"potentialAction\":[{\"@type\":\"SearchAction\",\"target\":{\"@type\":\"EntryPoint\",\"urlTemplate\":\"https:\\\/\\\/polley-groupe.com\\\/?s={search_term_string}\"},\"query-input\":{\"@type\":\"PropertyValueSpecification\",\"valueRequired\":true,\"valueName\":\"search_term_string\"}}],\"inLanguage\":\"pl-PL\"},{\"@type\":\"Organization\",\"@id\":\"https:\\\/\\\/polley-groupe.com\\\/#organization\",\"name\":\"Polley Groupe\",\"url\":\"https:\\\/\\\/polley-groupe.com\\\/\",\"logo\":{\"@type\":\"ImageObject\",\"inLanguage\":\"pl-PL\",\"@id\":\"https:\\\/\\\/polley-groupe.com\\\/#\\\/schema\\\/logo\\\/image\\\/\",\"url\":\"https:\\\/\\\/polley-groupe.com\\\/wp-content\\\/uploads\\\/2016\\\/03\\\/logo-polley-groupe.png\",\"contentUrl\":\"https:\\\/\\\/polley-groupe.com\\\/wp-content\\\/uploads\\\/2016\\\/03\\\/logo-polley-groupe.png\",\"width\":300,\"height\":97,\"caption\":\"Polley Groupe\"},\"image\":{\"@id\":\"https:\\\/\\\/polley-groupe.com\\\/#\\\/schema\\\/logo\\\/image\\\/\"},\"sameAs\":[\"https:\\\/\\\/www.facebook.com\\\/groupe-polley\"]}]}<\/script>\n<!-- \/ Yoast SEO plugin. -->","yoast_head_json":{"title":"Polley Secured: bezpieczny parking dla samochod\u00f3w ci\u0119\u017carowych w Calais","description":"Polley Secured Lorry Park to strze\u017cony parking dla samochod\u00f3w ci\u0119\u017carowych z 390 miejscami, dost\u0119pny 24 godziny na dob\u0119, zlokalizowany w Calais na skraju autostrady A16 - zjazd 48.","robots":{"index":"index","follow":"follow","max-snippet":"max-snippet:-1","max-image-preview":"max-image-preview:large","max-video-preview":"max-video-preview:-1"},"canonical":"https:\/\/polley-groupe.com\/pl\/parking-strzezony\/","og_locale":"pl_PL","og_type":"article","og_title":"Polley Secured: bezpieczny parking dla samochod\u00f3w ci\u0119\u017carowych w Calais","og_description":"Polley Secured Lorry Park to strze\u017cony parking dla samochod\u00f3w ci\u0119\u017carowych z 390 miejscami, dost\u0119pny 24 godziny na dob\u0119, zlokalizowany w Calais na skraju autostrady A16 - zjazd 48.","og_url":"https:\/\/polley-groupe.com\/pl\/parking-strzezony\/","og_site_name":"Polley","article_publisher":"https:\/\/www.facebook.com\/groupe-polley","article_modified_time":"2023-08-02T14:50:16+00:00","og_image":[{"width":1905,"height":435,"url":"https:\/\/polley-groupe.com\/wp-content\/uploads\/2016\/03\/header-parking.jpg","type":"image\/jpeg"}],"twitter_card":"summary_large_image","twitter_misc":{"Szacowany czas czytania":"2 minuty"},"schema":{"@context":"https:\/\/schema.org","@graph":[{"@type":"WebPage","@id":"https:\/\/polley-groupe.com\/pl\/parking-strzezony\/","url":"https:\/\/polley-groupe.com\/pl\/parking-strzezony\/","name":"Polley Secured: bezpieczny parking dla samochod\u00f3w ci\u0119\u017carowych w Calais","isPartOf":{"@id":"https:\/\/polley-groupe.com\/#website"},"primaryImageOfPage":{"@id":"https:\/\/polley-groupe.com\/pl\/parking-strzezony\/#primaryimage"},"image":{"@id":"https:\/\/polley-groupe.com\/pl\/parking-strzezony\/#primaryimage"},"thumbnailUrl":"https:\/\/polley-groupe.com\/wp-content\/uploads\/2016\/03\/header-parking.jpg","datePublished":"2016-11-02T10:09:39+00:00","dateModified":"2023-08-02T14:50:16+00:00","description":"Polley Secured Lorry Park to strze\u017cony parking dla samochod\u00f3w ci\u0119\u017carowych z 390 miejscami, dost\u0119pny 24 godziny na dob\u0119, zlokalizowany w Calais na skraju autostrady A16 - zjazd 48.","breadcrumb":{"@id":"https:\/\/polley-groupe.com\/pl\/parking-strzezony\/#breadcrumb"},"inLanguage":"pl-PL","potentialAction":[{"@type":"ReadAction","target":["https:\/\/polley-groupe.com\/pl\/parking-strzezony\/"]}]},{"@type":"ImageObject","inLanguage":"pl-PL","@id":"https:\/\/polley-groupe.com\/pl\/parking-strzezony\/#primaryimage","url":"https:\/\/polley-groupe.com\/wp-content\/uploads\/2016\/03\/header-parking.jpg","contentUrl":"https:\/\/polley-groupe.com\/wp-content\/uploads\/2016\/03\/header-parking.jpg","width":1905,"height":435,"caption":"bg parking s\u00e9curis\u00e9"},{"@type":"BreadcrumbList","@id":"https:\/\/polley-groupe.com\/pl\/parking-strzezony\/#breadcrumb","itemListElement":[{"@type":"ListItem","position":1,"name":"Accueil","item":"https:\/\/polley-groupe.com\/pl\/"},{"@type":"ListItem","position":2,"name":"Parking strze\u017cony"}]},{"@type":"WebSite","@id":"https:\/\/polley-groupe.com\/#website","url":"https:\/\/polley-groupe.com\/","name":"Polley Groupe","description":"Un site utilisant WordPress","publisher":{"@id":"https:\/\/polley-groupe.com\/#organization"},"potentialAction":[{"@type":"SearchAction","target":{"@type":"EntryPoint","urlTemplate":"https:\/\/polley-groupe.com\/?s={search_term_string}"},"query-input":{"@type":"PropertyValueSpecification","valueRequired":true,"valueName":"search_term_string"}}],"inLanguage":"pl-PL"},{"@type":"Organization","@id":"https:\/\/polley-groupe.com\/#organization","name":"Polley Groupe","url":"https:\/\/polley-groupe.com\/","logo":{"@type":"ImageObject","inLanguage":"pl-PL","@id":"https:\/\/polley-groupe.com\/#\/schema\/logo\/image\/","url":"https:\/\/polley-groupe.com\/wp-content\/uploads\/2016\/03\/logo-polley-groupe.png","contentUrl":"https:\/\/polley-groupe.com\/wp-content\/uploads\/2016\/03\/logo-polley-groupe.png","width":300,"height":97,"caption":"Polley Groupe"},"image":{"@id":"https:\/\/polley-groupe.com\/#\/schema\/logo\/image\/"},"sameAs":["https:\/\/www.facebook.com\/groupe-polley"]}]}},"_links":{"self":[{"href":"https:\/\/polley-groupe.com\/pl\/wp-json\/wp\/v2\/pages\/612","targetHints":{"allow":["GET"]}}],"collection":[{"href":"https:\/\/polley-groupe.com\/pl\/wp-json\/wp\/v2\/pages"}],"about":[{"href":"https:\/\/polley-groupe.com\/pl\/wp-json\/wp\/v2\/types\/page"}],"author":[{"embeddable":true,"href":"https:\/\/polley-groupe.com\/pl\/wp-json\/wp\/v2\/users\/1"}],"replies":[{"embeddable":true,"href":"https:\/\/polley-groupe.com\/pl\/wp-json\/wp\/v2\/comments?post=612"}],"version-history":[{"count":7,"href":"https:\/\/polley-groupe.com\/pl\/wp-json\/wp\/v2\/pages\/612\/revisions"}],"predecessor-version":[{"id":2195,"href":"https:\/\/polley-groupe.com\/pl\/wp-json\/wp\/v2\/pages\/612\/revisions\/2195"}],"wp:featuredmedia":[{"embeddable":true,"href":"https:\/\/polley-groupe.com\/pl\/wp-json\/wp\/v2\/media\/404"}],"wp:attachment":[{"href":"https:\/\/polley-groupe.com\/pl\/wp-json\/wp\/v2\/media?parent=612"}],"curies":[{"name":"wp","href":"https:\/\/api.w.org\/{rel}","templated":true}]}}