{"id":603,"date":"2016-11-02T10:46:49","date_gmt":"2016-11-02T09:46:49","guid":{"rendered":"https:\/\/polley-groupe.com\/pl\/?page_id=603"},"modified":"2023-08-04T15:09:27","modified_gmt":"2023-08-04T14:09:27","slug":"strona-glowna","status":"publish","type":"page","link":"https:\/\/polley-groupe.com\/pl\/","title":{"rendered":"Strona g\u0142\u00f3wna"},"content":{"rendered":"<p>belle home page<\/p>\n\n<p><\/p>\n\n<p><\/p>\n","protected":false},"excerpt":{"rendered":"<p>belle home page<\/p>\n","protected":false},"author":1,"featured_media":1964,"parent":0,"menu_order":0,"comment_status":"closed","ping_status":"closed","template":"page-accueil.php","meta":{"footnotes":""},"class_list":["post-603","page","type-page","status-publish","has-post-thumbnail","hentry"],"yoast_head":"<!-- This site is optimized with the Yoast SEO plugin v27.5 - https:\/\/yoast.com\/product\/yoast-seo-wordpress\/ -->\n<title>Polley Groupe - Transport, logistyka, parking strze\u017cony w Calais<\/title>\n<meta name=\"description\" content=\"Witamy na stronie g\u0142\u00f3wnej Polley Group. Dowiedz si\u0119 wi\u0119cej o naszych us\u0142ugach transportowych, logistycznych, parkingach strze\u017conych i myjniach samochodowych w Calais.\" \/>\n<meta name=\"robots\" content=\"index, follow, max-snippet:-1, max-image-preview:large, max-video-preview:-1\" \/>\n<link rel=\"canonical\" href=\"https:\/\/polley-groupe.com\/pl\/\" \/>\n<meta property=\"og:locale\" content=\"pl_PL\" \/>\n<meta property=\"og:type\" content=\"article\" \/>\n<meta property=\"og:title\" content=\"Polley Groupe - Transport, logistyka, parking strze\u017cony w Calais\" \/>\n<meta property=\"og:description\" content=\"Witamy na stronie g\u0142\u00f3wnej Polley Group, gdzie mo\u017cna dowiedzie\u0107 si\u0119 wi\u0119cej o naszych us\u0142ugach w zakresie transportu, logistyki, parking\u00f3w strze\u017conych i myjni samochodowych.\" \/>\n<meta property=\"og:url\" content=\"https:\/\/polley-groupe.com\/pl\/\" \/>\n<meta property=\"og:site_name\" content=\"Polley\" \/>\n<meta property=\"article:publisher\" content=\"https:\/\/www.facebook.com\/groupe-polley\" \/>\n<meta property=\"article:modified_time\" content=\"2023-08-04T14:09:27+00:00\" \/>\n<meta property=\"og:image\" content=\"https:\/\/polley-groupe.com\/wp-content\/uploads\/2016\/03\/header-home.jpg\" \/>\n\t<meta property=\"og:image:width\" content=\"1905\" \/>\n\t<meta property=\"og:image:height\" content=\"435\" \/>\n\t<meta property=\"og:image:type\" content=\"image\/jpeg\" \/>\n<meta name=\"twitter:card\" content=\"summary_large_image\" \/>\n<script type=\"application\/ld+json\" class=\"yoast-schema-graph\">{\"@context\":\"https:\\\/\\\/schema.org\",\"@graph\":[{\"@type\":\"WebPage\",\"@id\":\"https:\\\/\\\/polley-groupe.com\\\/pl\\\/\",\"url\":\"https:\\\/\\\/polley-groupe.com\\\/pl\\\/\",\"name\":\"Polley Groupe - Transport, logistyka, parking strze\u017cony w Calais\",\"isPartOf\":{\"@id\":\"https:\\\/\\\/polley-groupe.com\\\/#website\"},\"primaryImageOfPage\":{\"@id\":\"https:\\\/\\\/polley-groupe.com\\\/pl\\\/#primaryimage\"},\"image\":{\"@id\":\"https:\\\/\\\/polley-groupe.com\\\/pl\\\/#primaryimage\"},\"thumbnailUrl\":\"https:\\\/\\\/polley-groupe.com\\\/wp-content\\\/uploads\\\/2023\\\/07\\\/20190721_152627-edited-1-scaled-e1690130948101.jpg\",\"datePublished\":\"2016-11-02T09:46:49+00:00\",\"dateModified\":\"2023-08-04T14:09:27+00:00\",\"description\":\"Witamy na stronie g\u0142\u00f3wnej Polley Group. Dowiedz si\u0119 wi\u0119cej o naszych us\u0142ugach transportowych, logistycznych, parkingach strze\u017conych i myjniach samochodowych w Calais.\",\"breadcrumb\":{\"@id\":\"https:\\\/\\\/polley-groupe.com\\\/pl\\\/#breadcrumb\"},\"inLanguage\":\"pl-PL\",\"potentialAction\":[{\"@type\":\"ReadAction\",\"target\":[\"https:\\\/\\\/polley-groupe.com\\\/pl\\\/\"]}]},{\"@type\":\"ImageObject\",\"inLanguage\":\"pl-PL\",\"@id\":\"https:\\\/\\\/polley-groupe.com\\\/pl\\\/#primaryimage\",\"url\":\"https:\\\/\\\/polley-groupe.com\\\/wp-content\\\/uploads\\\/2023\\\/07\\\/20190721_152627-edited-1-scaled-e1690130948101.jpg\",\"contentUrl\":\"https:\\\/\\\/polley-groupe.com\\\/wp-content\\\/uploads\\\/2023\\\/07\\\/20190721_152627-edited-1-scaled-e1690130948101.jpg\",\"width\":2560,\"height\":1600},{\"@type\":\"BreadcrumbList\",\"@id\":\"https:\\\/\\\/polley-groupe.com\\\/pl\\\/#breadcrumb\",\"itemListElement\":[{\"@type\":\"ListItem\",\"position\":1,\"name\":\"Accueil\",\"item\":\"https:\\\/\\\/polley-groupe.com\\\/pl\\\/\"},{\"@type\":\"ListItem\",\"position\":2,\"name\":\"Strona g\u0142\u00f3wna\"}]},{\"@type\":\"WebSite\",\"@id\":\"https:\\\/\\\/polley-groupe.com\\\/#website\",\"url\":\"https:\\\/\\\/polley-groupe.com\\\/\",\"name\":\"Polley Groupe\",\"description\":\"Un site utilisant WordPress\",\"publisher\":{\"@id\":\"https:\\\/\\\/polley-groupe.com\\\/#organization\"},\"potentialAction\":[{\"@type\":\"SearchAction\",\"target\":{\"@type\":\"EntryPoint\",\"urlTemplate\":\"https:\\\/\\\/polley-groupe.com\\\/?s={search_term_string}\"},\"query-input\":{\"@type\":\"PropertyValueSpecification\",\"valueRequired\":true,\"valueName\":\"search_term_string\"}}],\"inLanguage\":\"pl-PL\"},{\"@type\":\"Organization\",\"@id\":\"https:\\\/\\\/polley-groupe.com\\\/#organization\",\"name\":\"Polley Groupe\",\"url\":\"https:\\\/\\\/polley-groupe.com\\\/\",\"logo\":{\"@type\":\"ImageObject\",\"inLanguage\":\"pl-PL\",\"@id\":\"https:\\\/\\\/polley-groupe.com\\\/#\\\/schema\\\/logo\\\/image\\\/\",\"url\":\"https:\\\/\\\/polley-groupe.com\\\/wp-content\\\/uploads\\\/2016\\\/03\\\/logo-polley-groupe.png\",\"contentUrl\":\"https:\\\/\\\/polley-groupe.com\\\/wp-content\\\/uploads\\\/2016\\\/03\\\/logo-polley-groupe.png\",\"width\":300,\"height\":97,\"caption\":\"Polley Groupe\"},\"image\":{\"@id\":\"https:\\\/\\\/polley-groupe.com\\\/#\\\/schema\\\/logo\\\/image\\\/\"},\"sameAs\":[\"https:\\\/\\\/www.facebook.com\\\/groupe-polley\"]}]}<\/script>\n<!-- \/ Yoast SEO plugin. -->","yoast_head_json":{"title":"Polley Groupe - Transport, logistyka, parking strze\u017cony w Calais","description":"Witamy na stronie g\u0142\u00f3wnej Polley Group. Dowiedz si\u0119 wi\u0119cej o naszych us\u0142ugach transportowych, logistycznych, parkingach strze\u017conych i myjniach samochodowych w Calais.","robots":{"index":"index","follow":"follow","max-snippet":"max-snippet:-1","max-image-preview":"max-image-preview:large","max-video-preview":"max-video-preview:-1"},"canonical":"https:\/\/polley-groupe.com\/pl\/","og_locale":"pl_PL","og_type":"article","og_title":"Polley Groupe - Transport, logistyka, parking strze\u017cony w Calais","og_description":"Witamy na stronie g\u0142\u00f3wnej Polley Group, gdzie mo\u017cna dowiedzie\u0107 si\u0119 wi\u0119cej o naszych us\u0142ugach w zakresie transportu, logistyki, parking\u00f3w strze\u017conych i myjni samochodowych.","og_url":"https:\/\/polley-groupe.com\/pl\/","og_site_name":"Polley","article_publisher":"https:\/\/www.facebook.com\/groupe-polley","article_modified_time":"2023-08-04T14:09:27+00:00","og_image":[{"width":1905,"height":435,"url":"https:\/\/polley-groupe.com\/wp-content\/uploads\/2016\/03\/header-home.jpg","type":"image\/jpeg"}],"twitter_card":"summary_large_image","schema":{"@context":"https:\/\/schema.org","@graph":[{"@type":"WebPage","@id":"https:\/\/polley-groupe.com\/pl\/","url":"https:\/\/polley-groupe.com\/pl\/","name":"Polley Groupe - Transport, logistyka, parking strze\u017cony w Calais","isPartOf":{"@id":"https:\/\/polley-groupe.com\/#website"},"primaryImageOfPage":{"@id":"https:\/\/polley-groupe.com\/pl\/#primaryimage"},"image":{"@id":"https:\/\/polley-groupe.com\/pl\/#primaryimage"},"thumbnailUrl":"https:\/\/polley-groupe.com\/wp-content\/uploads\/2023\/07\/20190721_152627-edited-1-scaled-e1690130948101.jpg","datePublished":"2016-11-02T09:46:49+00:00","dateModified":"2023-08-04T14:09:27+00:00","description":"Witamy na stronie g\u0142\u00f3wnej Polley Group. Dowiedz si\u0119 wi\u0119cej o naszych us\u0142ugach transportowych, logistycznych, parkingach strze\u017conych i myjniach samochodowych w Calais.","breadcrumb":{"@id":"https:\/\/polley-groupe.com\/pl\/#breadcrumb"},"inLanguage":"pl-PL","potentialAction":[{"@type":"ReadAction","target":["https:\/\/polley-groupe.com\/pl\/"]}]},{"@type":"ImageObject","inLanguage":"pl-PL","@id":"https:\/\/polley-groupe.com\/pl\/#primaryimage","url":"https:\/\/polley-groupe.com\/wp-content\/uploads\/2023\/07\/20190721_152627-edited-1-scaled-e1690130948101.jpg","contentUrl":"https:\/\/polley-groupe.com\/wp-content\/uploads\/2023\/07\/20190721_152627-edited-1-scaled-e1690130948101.jpg","width":2560,"height":1600},{"@type":"BreadcrumbList","@id":"https:\/\/polley-groupe.com\/pl\/#breadcrumb","itemListElement":[{"@type":"ListItem","position":1,"name":"Accueil","item":"https:\/\/polley-groupe.com\/pl\/"},{"@type":"ListItem","position":2,"name":"Strona g\u0142\u00f3wna"}]},{"@type":"WebSite","@id":"https:\/\/polley-groupe.com\/#website","url":"https:\/\/polley-groupe.com\/","name":"Polley Groupe","description":"Un site utilisant WordPress","publisher":{"@id":"https:\/\/polley-groupe.com\/#organization"},"potentialAction":[{"@type":"SearchAction","target":{"@type":"EntryPoint","urlTemplate":"https:\/\/polley-groupe.com\/?s={search_term_string}"},"query-input":{"@type":"PropertyValueSpecification","valueRequired":true,"valueName":"search_term_string"}}],"inLanguage":"pl-PL"},{"@type":"Organization","@id":"https:\/\/polley-groupe.com\/#organization","name":"Polley Groupe","url":"https:\/\/polley-groupe.com\/","logo":{"@type":"ImageObject","inLanguage":"pl-PL","@id":"https:\/\/polley-groupe.com\/#\/schema\/logo\/image\/","url":"https:\/\/polley-groupe.com\/wp-content\/uploads\/2016\/03\/logo-polley-groupe.png","contentUrl":"https:\/\/polley-groupe.com\/wp-content\/uploads\/2016\/03\/logo-polley-groupe.png","width":300,"height":97,"caption":"Polley Groupe"},"image":{"@id":"https:\/\/polley-groupe.com\/#\/schema\/logo\/image\/"},"sameAs":["https:\/\/www.facebook.com\/groupe-polley"]}]}},"_links":{"self":[{"href":"https:\/\/polley-groupe.com\/pl\/wp-json\/wp\/v2\/pages\/603","targetHints":{"allow":["GET"]}}],"collection":[{"href":"https:\/\/polley-groupe.com\/pl\/wp-json\/wp\/v2\/pages"}],"about":[{"href":"https:\/\/polley-groupe.com\/pl\/wp-json\/wp\/v2\/types\/page"}],"author":[{"embeddable":true,"href":"https:\/\/polley-groupe.com\/pl\/wp-json\/wp\/v2\/users\/1"}],"replies":[{"embeddable":true,"href":"https:\/\/polley-groupe.com\/pl\/wp-json\/wp\/v2\/comments?post=603"}],"version-history":[{"count":7,"href":"https:\/\/polley-groupe.com\/pl\/wp-json\/wp\/v2\/pages\/603\/revisions"}],"predecessor-version":[{"id":2194,"href":"https:\/\/polley-groupe.com\/pl\/wp-json\/wp\/v2\/pages\/603\/revisions\/2194"}],"wp:featuredmedia":[{"embeddable":true,"href":"https:\/\/polley-groupe.com\/pl\/wp-json\/wp\/v2\/media\/1964"}],"wp:attachment":[{"href":"https:\/\/polley-groupe.com\/pl\/wp-json\/wp\/v2\/media?parent=603"}],"curies":[{"name":"wp","href":"https:\/\/api.w.org\/{rel}","templated":true}]}}